{"id":938,"date":"2021-04-22T17:25:52","date_gmt":"2021-04-22T14:25:52","guid":{"rendered":"https:\/\/2060.nsp25.md\/?page_id=938"},"modified":"2022-02-03T14:54:42","modified_gmt":"2022-02-03T12:54:42","slug":"sozdanie-internet-magazina","status":"publish","type":"page","link":"https:\/\/2060.nsp25.md\/ro\/sozdanie-internet-magazina","title":{"rendered":"Crearea unui magazin online"},"content":{"rendered":"<div style=\"height:40px\" aria-hidden=\"true\" class=\"wp-block-spacer\"><\/div>\n\n\n\n<div class=\"wp-block-columns are-vertically-aligned-top is-layout-flex wp-container-core-columns-is-layout-9d6595d7 wp-block-columns-is-layout-flex\">\n<div class=\"wp-block-column is-vertically-aligned-top is-layout-flow wp-block-column-is-layout-flow\">\n<h2 class=\"wp-block-heading\" id=\"\u0441\u043e\u0437\u0434\u0430\u0439\u0442\u0435-\u043f\u0435\u0440\u0441\u043e\u043d\u0430\u043b\u044c\u043d\u044b\u0439-\u0441\u0430\u0439\u0442\">Crea\u021bi un site web personalizat<\/h2>\n\n\n\n<p>Crea\u021bi-v\u0103 propriul site web personal pentru a v\u0103 facilita partajarea produselor NSP cu clien\u021bii dumneavoastr\u0103.<\/p>\n\n\n\n<p class=\"has-text-align-left\">Fiecare achizi\u021bie efectuat\u0103 \u00een magazinul dvs. online este \u00eenregistrat\u0103 \u00een ID-ul dvs. NSP \u0219i primi\u021bi datele de contact ale clien\u021bilor cu care pute\u021bi intra \u00een contact ulterior.<\/p>\n\n\n\n<p class=\"has-text-align-left\">Este foarte simplu, rapid \u0219i modern!<\/p>\n\n\n\n<p>Trebuie s\u0103 completa\u021bi acest formular \u0219i \u00een 3-5 zile lucr\u0103toare site-ul dvs. va fi gata.<br>V\u0103 dorim o afacere de succes cu Nature's Sunshine!<\/p>\n<\/div>\n\n\n\n<div class=\"wp-block-column is-vertically-aligned-top is-layout-flow wp-block-column-is-layout-flow\">\n<h2 class=\"wp-block-heading\" id=\"\u0437\u0430\u043f\u043e\u043b\u043d\u0438\u0442\u0435-\u0444\u043e\u0440\u043c\u0443\">Completa\u021bi formularul<\/h2>\n\n\n<!-- HTML Forms v1.6.2 - https:\/\/wordpress.org\/plugins\/html-forms\/ -->\n<form method=\"post\"  class=\"hf-form hf-form-36730\" data-id=\"36730\" data-title=\"\u0421\u043e\u0437\u0434\u0430\u0442\u044c \u0441\u0430\u0439\u0442\" data-slug=\"request-site\" data-message-success=\"\u0421\u043f\u0430\u0441\u0438\u0431\u043e!&lt;br&gt;\u0412\u0430\u0448\u0430 \u0437\u0430\u044f\u0432\u043a\u0430 \u043d\u0430 \u0441\u043e\u0437\u0434\u0430\u043d\u0438\u0435 \u0438\u043d\u0442\u0435\u0440\u043d\u0435\u0442 \u043c\u0430\u0433\u0430\u0437\u0438\u043d\u0430 \u043f\u043e\u043b\u0443\u0447\u0435\u043d\u0430.&lt;br&gt;\u0412 \u0442\u0435\u0447\u0435\u043d\u0438\u0438 2-3 \u0434\u043d\u0435\u0439 \u0432\u0430\u0448 \u0441\u0430\u0439\u0442 \u0431\u0443\u0434\u0435\u0442 \u0433\u043e\u0442\u043e\u0432.\" data-message-invalid-email=\"\u0418\u0437\u0432\u0438\u043d\u0438\u0442\u0435, \u044d\u0442\u043e\u0442 \u0430\u0434\u0440\u0435\u0441 \u044d\u043b\u0435\u043a\u0442\u0440\u043e\u043d\u043d\u043e\u0439 \u043f\u043e\u0447\u0442\u044b \u0432\u044b\u0433\u043b\u044f\u0434\u0438\u0442 \u043d\u0435\u0434\u0435\u0439\u0441\u0442\u0432\u0438\u0442\u0435\u043b\u044c\u043d\u044b\u043c.\" data-message-required-field-missing=\"\u041f\u043e\u0436\u0430\u043b\u0443\u0439\u0441\u0442\u0430, \u0437\u0430\u043f\u043e\u043b\u043d\u0438\u0442\u0435 \u043d\u0435\u043e\u0431\u0445\u043e\u0434\u0438\u043c\u044b\u0435 \u043f\u043e\u043b\u044f.\" data-message-error=\"\u0423\u043f\u0441. \u041f\u0440\u043e\u0438\u0437\u043e\u0448\u043b\u0430 \u043e\u0448\u0438\u0431\u043a\u0430.\" data-message-recaptcha-failed=\"reCAPTCHA verification failed. Please try again.\" data-message-recaptcha-low-score=\"Your submission appears to be spam. Please try again.\" action=\"\"><input type=\"hidden\" name=\"_hf_form_id\" value=\"36730\" \/><div style=\"display: none;\"><input type=\"text\" name=\"_hf_h36730\" value=\"\" \/><\/div><div class=\"hf-fields-wrap\"><div class=\"form-row\">\r\n  <label\r\n    >Numele dvs.&nbsp;<span class=\"required\">*<\/span>\r\n    <input required name=\"first_name\" type=\"text\" \/>\r\n  <\/label>\r\n<\/div>\r\n\r\n<div class=\"form-row\">\r\n  <label\r\n    >Numele dvs. de familie&nbsp;<span class=\"required\">*<\/span>\r\n    <input required name=\"last_name\" type=\"text\" \/>\r\n  <\/label>\r\n<\/div>\r\n\r\n<div class=\"form-row\">\r\n  <label\r\n    >Adresa dvs. de e-mail&nbsp;<span class=\"required\">*<\/span>\r\n    <input required name=\"email\" type=\"email\" \/>\r\n  <\/label>\r\n<\/div>\r\n\r\n<div class=\"form-row\">\r\n  <label\r\n    >Num\u0103rul dvs. de telefon&nbsp;<span class=\"required\">*<\/span>\r\n    <input required name=\"phone\" type=\"tel\" \/>\r\n  <\/label>\r\n<\/div>\r\n\r\n<div class=\"form-row\">\r\n  <label\r\n    >NSP ID&nbsp;<span class=\"required\">*<\/span>\r\n    <input required name=\"nsp_id\" type=\"text\" \/>\r\n  <\/label>\r\n<\/div>\r\n\r\n<div class=\"form-row\">\r\n  <label\r\n    >Numele dorit pentru site-ul dvs.&nbsp;<span class=\"required\">*<\/span>\r\n    <div class=\"site-field\"><input required name=\"site\" type=\"text\" \/><span>.nsp25.md<\/span><\/div>\r\n  <\/label>\r\n<\/div>\r\n\r\n<button class=\"nsp-btn-primary\" name=\"submit\" type=\"submit\"\r\n    style=\"background-color: #003B4D; border-color: #003B4D; color: #fff; padding: 10px 20px; font-size: 16px; border-radius: 5px; cursor: pointer;\"\r\n    onmouseover=\"this.style.backgroundColor='#002a3a'; this.style.borderColor='#002a3a';\"\r\n    onmouseout=\"this.style.backgroundColor='#003B4D'; this.style.borderColor='#003B4D';\">\r\n    Trimite\u021bi\r\n<\/button>\r\n<noscript>V\u0103 rug\u0103m s\u0103 activa\u021bi JavaScript pentru ca acest formular s\u0103 func\u021bioneze.<\/noscript><\/div><input type=\"hidden\" name=\"trp-form-language\" value=\"ro\"\/><\/form><!-- \/ HTML Forms --><\/div>\n<\/div>","protected":false},"excerpt":{"rendered":"<p>Creeaz\u0103 un site personal Creeaz\u0103-\u021bi propriul site personal pentru a-\u021bi fi mai u\u0219or s\u0103 \u00eemp\u0103rt\u0103\u0219e\u0219ti produsele NSP cu clien\u021bii t\u0103i. Fiecare achizi\u021bie f\u0103cut\u0103 pe magazinul t\u0103u online este \u00eenregistrat\u0103 pe ID-ul t\u0103u NSP, iar tu prime\u0219ti datele de contact ale clientului, cu care po\u021bi ulterior s\u0103 iei leg\u0103tura. Totul este foarte simplu, rapid \u0219i modern! Trebuie s\u0103 completezi acest formular \u0219i \u00een 3-5...<\/p>","protected":false},"author":3,"featured_media":0,"parent":0,"menu_order":0,"comment_status":"closed","ping_status":"closed","template":"","meta":{"footnotes":""},"class_list":["post-938","page","type-page","status-publish","hentry"],"_links":{"self":[{"href":"https:\/\/2060.nsp25.md\/ro\/wp-json\/wp\/v2\/pages\/938","targetHints":{"allow":["GET"]}}],"collection":[{"href":"https:\/\/2060.nsp25.md\/ro\/wp-json\/wp\/v2\/pages"}],"about":[{"href":"https:\/\/2060.nsp25.md\/ro\/wp-json\/wp\/v2\/types\/page"}],"author":[{"embeddable":true,"href":"https:\/\/2060.nsp25.md\/ro\/wp-json\/wp\/v2\/users\/3"}],"replies":[{"embeddable":true,"href":"https:\/\/2060.nsp25.md\/ro\/wp-json\/wp\/v2\/comments?post=938"}],"version-history":[{"count":33,"href":"https:\/\/2060.nsp25.md\/ro\/wp-json\/wp\/v2\/pages\/938\/revisions"}],"predecessor-version":[{"id":36742,"href":"https:\/\/2060.nsp25.md\/ro\/wp-json\/wp\/v2\/pages\/938\/revisions\/36742"}],"wp:attachment":[{"href":"https:\/\/2060.nsp25.md\/ro\/wp-json\/wp\/v2\/media?parent=938"}],"curies":[{"name":"wp","href":"https:\/\/api.w.org\/{rel}","templated":true}]}}